{"id":35,"date":"2019-04-05T15:45:15","date_gmt":"2019-04-05T13:45:15","guid":{"rendered":"https:\/\/www.wuerdemenschen.de\/?page_id=35"},"modified":"2019-05-06T23:39:08","modified_gmt":"2019-05-06T21:39:08","slug":"impressum","status":"publish","type":"page","link":"https:\/\/www.wuerdemenschen.de\/erlangen\/impressum\/","title":{"rendered":"Impressum"},"content":{"rendered":"<p><span style=\"font-family: univers;\">\n<table id=\"tablepress-8\" class=\"tablepress tablepress-id-8 tablepress-responsive\">\n<tbody>\n<tr class=\"row-1\">\n\t<td class=\"column-1\"><h4>Impressum<\/h4><br \/>\n<br \/>\nAngaben gem\u00e4\u00df \u00a7 5 TMG<br \/>\nJ\u00f6rg Amonat<br \/>\nErnst-Fu\u0308rstenberg-Stra\u00dfe 19<br \/>\n10407 Berlin<br \/>\n<br \/>\nKontakt<br \/>\nTelefon: 030-85746830<br \/>\nE-Mail: amonat@integrative-kunst.de<br \/>\n<br \/>\nVerantwortlich fu\u0308r den Inhalt nach \u00a7 55 Abs. 2 RStV<br \/>\nJ\u00f6rg Amonat<br \/>\nErnst-Fu\u0308rstenberg-Stra\u00dfe 19<br \/>\n10407 Berlin<br \/>\n<br \/>\nHaftung fu\u0308r Inhalte<br \/>\nAls Diensteanbieter sind wir gem\u00e4\u00df \u00a7 7 Abs.1 TMG fu\u0308r eigene Inhalte auf diesen Seiten nach den<br \/>\nallgemeinen Gesetzen verantwortlich. Nach \u00a7\u00a7 8 bis 10 TMG sind wir als Diensteanbieter jedoch nicht<br \/>\nverpflichtet, u\u0308bermittelte oder gespeicherte fremde Informationen zu u\u0308berwachen oder nach Umst\u00e4nden zu forschen, die auf eine rechtswidrige T\u00e4tigkeit hinweisen. Verpflichtungen zur Entfernung oder Sperrung der Nutzung von Informationen nach den allgemeinen Gesetzen bleiben hiervon unberu\u0308hrt. Eine diesbezu\u0308gliche Haftung ist jedoch erst ab dem Zeitpunkt der Kenntnis einer konkreten Rechtsverletzung m\u00f6glich. Bei Bekanntwerden von entsprechenden Rechtsverletzungen werden wir diese Inhalte umgehend entfernen.<br \/>\n<br \/>\nHaftung fu\u0308r Links<br \/>\nUnser Angebot enth\u00e4lt Links zu externen Websites Dritter, auf deren Inhalte wir keinen Einfluss haben. Deshalb k\u00f6nnen wir fu\u0308r diese fremden Inhalte auch keine Gew\u00e4hr u\u0308bernehmen. Fu\u0308r die Inhalte der verlinkten Seiten ist stets der jeweilige Anbieter oder Betreiber der Seiten verantwortlich. Die verlinkten Seiten wurden zum Zeitpunkt der Verlinkung auf m\u00f6gliche Rechtsverst\u00f6\u00dfe u\u0308berpru\u0308ft. Rechtswidrige Inhalte waren zum Zeitpunkt der Verlinkung nicht erkennbar. Eine permanente inhaltliche Kontrolle der verlinkten Seiten ist jedoch ohne konkrete Anhaltspunkte einer Rechtsverletzung nicht zumutbar. Bei Bekanntwerden von Rechtsverletzungen werden wir derartige Links umgehend entfernen.<br \/>\n<br \/>\n<br \/>\nUrheberrecht<br \/>\nDie durch die Seitenbetreiber erstellten Inhalte und Werke auf diesen Seiten unterliegen dem deutschen Urheberrecht. Die Vervielf\u00e4ltigung, Bearbeitung, Verbreitung und jede Art der Verwertung au\u00dferhalb der Grenzen des Urheberrechtes bedu\u0308rfen der schriftlichen Zustimmung des jeweiligen Autors bzw. Erstellers. Downloads und Kopien dieser Seite sind nur fu\u0308r den privaten, nicht kommerziellen Gebrauch gestattet. Soweit die Inhalte auf dieser Seite nicht vom Betreiber erstellt wurden, werden die Urheberrechte Dritter beachtet. Insbesondere werden Inhalte Dritter als solche gekennzeichnet. Sollten Sie trotzdem auf eine Urheberrechtsverletzung aufmerksam werden, bitten wir um einen entsprechenden Hinweis. Bei Bekanntwerden von Rechtsverletzungen werden wir derartige Inhalte umgehend entfernen.<br \/>\n<br \/>\nQuelle:<br \/>\nhttps:\/\/www.e-recht24.de<\/td>\n<\/tr>\n<\/tbody>\n<\/table>\n<\/span><\/p>\n","protected":false},"excerpt":{"rendered":"","protected":false},"author":3,"featured_media":0,"parent":0,"menu_order":0,"comment_status":"closed","ping_status":"closed","template":"","meta":{"ngg_post_thumbnail":0,"footnotes":""},"class_list":["post-35","page","type-page","status-publish","hentry"],"yoast_head":"<!-- This site is optimized with the Yoast SEO plugin v27.6 - https:\/\/yoast.com\/product\/yoast-seo-wordpress\/ -->\n<title>Impressum - W\u00fcrdemenschen<\/title>\n<meta name=\"robots\" content=\"index, follow, max-snippet:-1, max-image-preview:large, max-video-preview:-1\" \/>\n<link rel=\"canonical\" href=\"https:\/\/www.wuerdemenschen.de\/erlangen\/impressum\/\" \/>\n<meta property=\"og:locale\" content=\"de_DE\" \/>\n<meta property=\"og:type\" content=\"article\" \/>\n<meta property=\"og:title\" content=\"Impressum - W\u00fcrdemenschen\" \/>\n<meta property=\"og:url\" content=\"https:\/\/www.wuerdemenschen.de\/erlangen\/impressum\/\" \/>\n<meta property=\"og:site_name\" content=\"W\u00fcrdemenschen\" \/>\n<meta property=\"article:modified_time\" content=\"2019-05-06T21:39:08+00:00\" \/>\n<meta name=\"twitter:card\" content=\"summary_large_image\" \/>\n<script type=\"application\/ld+json\" class=\"yoast-schema-graph\">{\"@context\":\"https:\\\/\\\/schema.org\",\"@graph\":[{\"@type\":\"WebPage\",\"@id\":\"https:\\\/\\\/www.wuerdemenschen.de\\\/erlangen\\\/impressum\\\/\",\"url\":\"https:\\\/\\\/www.wuerdemenschen.de\\\/erlangen\\\/impressum\\\/\",\"name\":\"Impressum - W\u00fcrdemenschen\",\"isPartOf\":{\"@id\":\"https:\\\/\\\/www.wuerdemenschen.de\\\/erlangen\\\/#website\"},\"datePublished\":\"2019-04-05T13:45:15+00:00\",\"dateModified\":\"2019-05-06T21:39:08+00:00\",\"breadcrumb\":{\"@id\":\"https:\\\/\\\/www.wuerdemenschen.de\\\/erlangen\\\/impressum\\\/#breadcrumb\"},\"inLanguage\":\"de\",\"potentialAction\":[{\"@type\":\"ReadAction\",\"target\":[\"https:\\\/\\\/www.wuerdemenschen.de\\\/erlangen\\\/impressum\\\/\"]}]},{\"@type\":\"BreadcrumbList\",\"@id\":\"https:\\\/\\\/www.wuerdemenschen.de\\\/erlangen\\\/impressum\\\/#breadcrumb\",\"itemListElement\":[{\"@type\":\"ListItem\",\"position\":1,\"name\":\"Startseite\",\"item\":\"https:\\\/\\\/www.wuerdemenschen.de\\\/erlangen\\\/\"},{\"@type\":\"ListItem\",\"position\":2,\"name\":\"Impressum\"}]},{\"@type\":\"WebSite\",\"@id\":\"https:\\\/\\\/www.wuerdemenschen.de\\\/erlangen\\\/#website\",\"url\":\"https:\\\/\\\/www.wuerdemenschen.de\\\/erlangen\\\/\",\"name\":\"W\u00fcrdemenschen\",\"description\":\"\",\"publisher\":{\"@id\":\"https:\\\/\\\/www.wuerdemenschen.de\\\/erlangen\\\/#\\\/schema\\\/person\\\/9aac911bbc032a660b1eaa1573def9a0\"},\"potentialAction\":[{\"@type\":\"SearchAction\",\"target\":{\"@type\":\"EntryPoint\",\"urlTemplate\":\"https:\\\/\\\/www.wuerdemenschen.de\\\/erlangen\\\/?s={search_term_string}\"},\"query-input\":{\"@type\":\"PropertyValueSpecification\",\"valueRequired\":true,\"valueName\":\"search_term_string\"}}],\"inLanguage\":\"de\"},{\"@type\":[\"Person\",\"Organization\"],\"@id\":\"https:\\\/\\\/www.wuerdemenschen.de\\\/erlangen\\\/#\\\/schema\\\/person\\\/9aac911bbc032a660b1eaa1573def9a0\",\"name\":\"J\u00f6rg Amonat\",\"image\":{\"@type\":\"ImageObject\",\"inLanguage\":\"de\",\"@id\":\"https:\\\/\\\/secure.gravatar.com\\\/avatar\\\/3400ef8aa18f904732c9c7894d888031559ec30d4f140c861ed7be240633360a?s=96&d=mm&r=g\",\"url\":\"https:\\\/\\\/secure.gravatar.com\\\/avatar\\\/3400ef8aa18f904732c9c7894d888031559ec30d4f140c861ed7be240633360a?s=96&d=mm&r=g\",\"contentUrl\":\"https:\\\/\\\/secure.gravatar.com\\\/avatar\\\/3400ef8aa18f904732c9c7894d888031559ec30d4f140c861ed7be240633360a?s=96&d=mm&r=g\",\"caption\":\"J\u00f6rg Amonat\"},\"logo\":{\"@id\":\"https:\\\/\\\/secure.gravatar.com\\\/avatar\\\/3400ef8aa18f904732c9c7894d888031559ec30d4f140c861ed7be240633360a?s=96&d=mm&r=g\"}}]}<\/script>\n<!-- \/ Yoast SEO plugin. -->","yoast_head_json":{"title":"Impressum - W\u00fcrdemenschen","robots":{"index":"index","follow":"follow","max-snippet":"max-snippet:-1","max-image-preview":"max-image-preview:large","max-video-preview":"max-video-preview:-1"},"canonical":"https:\/\/www.wuerdemenschen.de\/erlangen\/impressum\/","og_locale":"de_DE","og_type":"article","og_title":"Impressum - W\u00fcrdemenschen","og_url":"https:\/\/www.wuerdemenschen.de\/erlangen\/impressum\/","og_site_name":"W\u00fcrdemenschen","article_modified_time":"2019-05-06T21:39:08+00:00","twitter_card":"summary_large_image","schema":{"@context":"https:\/\/schema.org","@graph":[{"@type":"WebPage","@id":"https:\/\/www.wuerdemenschen.de\/erlangen\/impressum\/","url":"https:\/\/www.wuerdemenschen.de\/erlangen\/impressum\/","name":"Impressum - W\u00fcrdemenschen","isPartOf":{"@id":"https:\/\/www.wuerdemenschen.de\/erlangen\/#website"},"datePublished":"2019-04-05T13:45:15+00:00","dateModified":"2019-05-06T21:39:08+00:00","breadcrumb":{"@id":"https:\/\/www.wuerdemenschen.de\/erlangen\/impressum\/#breadcrumb"},"inLanguage":"de","potentialAction":[{"@type":"ReadAction","target":["https:\/\/www.wuerdemenschen.de\/erlangen\/impressum\/"]}]},{"@type":"BreadcrumbList","@id":"https:\/\/www.wuerdemenschen.de\/erlangen\/impressum\/#breadcrumb","itemListElement":[{"@type":"ListItem","position":1,"name":"Startseite","item":"https:\/\/www.wuerdemenschen.de\/erlangen\/"},{"@type":"ListItem","position":2,"name":"Impressum"}]},{"@type":"WebSite","@id":"https:\/\/www.wuerdemenschen.de\/erlangen\/#website","url":"https:\/\/www.wuerdemenschen.de\/erlangen\/","name":"W\u00fcrdemenschen","description":"","publisher":{"@id":"https:\/\/www.wuerdemenschen.de\/erlangen\/#\/schema\/person\/9aac911bbc032a660b1eaa1573def9a0"},"potentialAction":[{"@type":"SearchAction","target":{"@type":"EntryPoint","urlTemplate":"https:\/\/www.wuerdemenschen.de\/erlangen\/?s={search_term_string}"},"query-input":{"@type":"PropertyValueSpecification","valueRequired":true,"valueName":"search_term_string"}}],"inLanguage":"de"},{"@type":["Person","Organization"],"@id":"https:\/\/www.wuerdemenschen.de\/erlangen\/#\/schema\/person\/9aac911bbc032a660b1eaa1573def9a0","name":"J\u00f6rg Amonat","image":{"@type":"ImageObject","inLanguage":"de","@id":"https:\/\/secure.gravatar.com\/avatar\/3400ef8aa18f904732c9c7894d888031559ec30d4f140c861ed7be240633360a?s=96&d=mm&r=g","url":"https:\/\/secure.gravatar.com\/avatar\/3400ef8aa18f904732c9c7894d888031559ec30d4f140c861ed7be240633360a?s=96&d=mm&r=g","contentUrl":"https:\/\/secure.gravatar.com\/avatar\/3400ef8aa18f904732c9c7894d888031559ec30d4f140c861ed7be240633360a?s=96&d=mm&r=g","caption":"J\u00f6rg Amonat"},"logo":{"@id":"https:\/\/secure.gravatar.com\/avatar\/3400ef8aa18f904732c9c7894d888031559ec30d4f140c861ed7be240633360a?s=96&d=mm&r=g"}}]}},"_links":{"self":[{"href":"https:\/\/www.wuerdemenschen.de\/erlangen\/wp-json\/wp\/v2\/pages\/35","targetHints":{"allow":["GET"]}}],"collection":[{"href":"https:\/\/www.wuerdemenschen.de\/erlangen\/wp-json\/wp\/v2\/pages"}],"about":[{"href":"https:\/\/www.wuerdemenschen.de\/erlangen\/wp-json\/wp\/v2\/types\/page"}],"author":[{"embeddable":true,"href":"https:\/\/www.wuerdemenschen.de\/erlangen\/wp-json\/wp\/v2\/users\/3"}],"replies":[{"embeddable":true,"href":"https:\/\/www.wuerdemenschen.de\/erlangen\/wp-json\/wp\/v2\/comments?post=35"}],"version-history":[{"count":3,"href":"https:\/\/www.wuerdemenschen.de\/erlangen\/wp-json\/wp\/v2\/pages\/35\/revisions"}],"predecessor-version":[{"id":792,"href":"https:\/\/www.wuerdemenschen.de\/erlangen\/wp-json\/wp\/v2\/pages\/35\/revisions\/792"}],"wp:attachment":[{"href":"https:\/\/www.wuerdemenschen.de\/erlangen\/wp-json\/wp\/v2\/media?parent=35"}],"curies":[{"name":"wp","href":"https:\/\/api.w.org\/{rel}","templated":true}]}}